{"id":318,"date":"2022-05-18T02:57:14","date_gmt":"2022-05-18T02:57:14","guid":{"rendered":"https:\/\/www.big-eu.org\/home\/"},"modified":"2023-05-04T18:57:51","modified_gmt":"2023-05-04T18:57:51","slug":"home","status":"publish","type":"page","link":"https:\/\/www.big-eu.org\/de\/","title":{"rendered":"Home"},"content":{"rendered":"\t<section class=\"bacnet-block bacnet-block-hero-carousel bacnet-module-carousel alignfull\">\n\t\t\t<div\n\t\tclass=\"bacnet-module bacnet-module-carousel bacnet-hero-carousel\"\t\tx-data=\"{\n\t\t\tswiper: null,\n\t\t\tfocusableWhenVisible: {\n\t\t\t\t'x-intersect:enter'() {\n\t\t\t\t\tthis.$el.removeAttribute('tabindex')\n\t\t\t\t},\n\t\t\t\t'x-intersect:leave'() {\n\t\t\t\t\tthis.$el.setAttribute('tabindex', '-1')\n\t\t\t\t},\n\t\t\t}\n\t\t}\"\n\t\tx-init=\"swiper = new Swiper($refs.slider, {\n\t\t\tloop: false,\n\t\t\tslidesPerView: 1,\n\t\t\tautoplay: {\n\t\t\t\tdelay: 4000,\n\t\t\t},\n\t\t\tallowTouchMove: true,\n\t\t\tspeed: 500,\n\t\t\tpagination: {\n\t\t\t\tel: '.carousel-dots',\n\t\t\t\tclickable: true,\n\t\t\t},\n\t\t\tbreakpoints: {\n\t\t\t\t850: {\n\t\t\t\t\tallowTouchMove: false,\n\t\t\t\t}\n\t\t\t},\n\t\t\ta11y: {\n\t\t\t\tslideRole: 'listitem',\n\t\t\t}\n\t\t})\">\n\n\t\t<span id=\"carousel-content-label\" class=\"sr-only\" hidden>Carousel<\/span>\n\t\t<div\n\t\t\tx-on:keydown.right=\"swiper.slideNext()\"\n\t\t\tx-on:keydown.left=\"swiper.slidePrev()\"\n\t\t\ttabindex=\"-1\"\n\t\t>\n\t\t\t\n\t\t\t<div\n\t\t\t\tx-ref=\"slider\"\n\t\t\t\ttabindex=\"-1\"\n\t\t\t\tclass=\"swiper-container\"\n\t\t\t>\n\t\t\t\t<div\n\t\t\t\t\tclass=\"swiper-wrapper carousels\"\n\t\t\t\t\ttabindex=\"-1\"\n\t\t\t\t\trole=\"list\"\n\t\t\t\t\taria-labelledby=\"carousel-content-label\"\n\t\t\t\t>\n\n\t\t\t\t\t\t\t\t\t\t\t<div class=\"slide swiper-slide\" role=\"listitem\">\n\t\t\t\t\t\t\t<div class=\"bacnet-module bacnet-module-hero\">\n\t<div class=\"background\">\n\t\t\n\t\t<img fetchpriority=\"high\" decoding=\"async\" width=\"640\" height=\"210\" src=\"https:\/\/www.big-eu.org\/wp-content\/uploads\/sites\/6\/2022\/09\/BIGEu-11-copy-1024x336.jpg\" class=\"bacnet-element bacnet-element-image\" alt=\"Die BACnet Interest Group Europe\" loading=\"eager\" srcset=\"https:\/\/www.big-eu.org\/wp-content\/uploads\/sites\/6\/2022\/09\/BIGEu-11-copy-1024x336.jpg 1024w, https:\/\/www.big-eu.org\/wp-content\/uploads\/sites\/6\/2022\/09\/BIGEu-11-copy-300x98.jpg 300w, https:\/\/www.big-eu.org\/wp-content\/uploads\/sites\/6\/2022\/09\/BIGEu-11-copy-768x252.jpg 768w, https:\/\/www.big-eu.org\/wp-content\/uploads\/sites\/6\/2022\/09\/BIGEu-11-copy-1536x504.jpg 1536w, https:\/\/www.big-eu.org\/wp-content\/uploads\/sites\/6\/2022\/09\/BIGEu-11-copy-2048x671.jpg 2048w, https:\/\/www.big-eu.org\/wp-content\/uploads\/sites\/6\/2022\/09\/BIGEu-11-copy-1920x629.jpg 1920w\" sizes=\"(max-width: 640px) 100vw, 640px\" \/>\t<\/div>\n\n\t<div class=\"container\">\n\t\t<div class=\"hero-content\">\n\t\t\t\t<h1 class=\"bacnet-element bacnet-element-heading\">Die BACnet Interest Group Europe<\/h1>\n\t<section class=\"bacnet-element bacnet-element-content\">Die BACnet Interest Group Europe (BIG-EU) ist ein europ\u00e4ischer Anwender- und Industrieverband, der den erfolgreichen Einsatz des BACnet-Protokolls in der Geb\u00e4udeautomation durch Interoperabilit\u00e4tstests, Bildungsprogramme und Werbeaktivit\u00e4ten f\u00f6rdert.<\/section>\n\t<a href=\"https:\/\/www.big-eu.org\/de\/about-big-eu\/\" class=\"bacnet-element bacnet-element-button secondary\" title=\"Mehr dar\u00fcber\">\n\t\tMehr dar\u00fcber\t<\/a>\n\n\t\t<\/div>\n\t<\/div>\n<\/div>\n\t\t\t\t\t\t<\/div>\n\t\t\t\t\t\t\t\t\t\t\t<div class=\"slide swiper-slide\" role=\"listitem\">\n\t\t\t\t\t\t\t<div class=\"bacnet-module bacnet-module-hero\">\n\t<div class=\"background\">\n\t\t\n\t\t<img decoding=\"async\" width=\"640\" height=\"210\" src=\"https:\/\/www.big-eu.org\/wp-content\/uploads\/sites\/6\/2022\/05\/hero-background-1024x336.png\" class=\"bacnet-element bacnet-element-image\" alt=\"Building Automation and Control Network\" loading=\"eager\" srcset=\"https:\/\/www.big-eu.org\/wp-content\/uploads\/sites\/6\/2022\/05\/hero-background-1024x336.png 1024w, https:\/\/www.big-eu.org\/wp-content\/uploads\/sites\/6\/2022\/05\/hero-background-300x98.png 300w, https:\/\/www.big-eu.org\/wp-content\/uploads\/sites\/6\/2022\/05\/hero-background-768x252.png 768w, https:\/\/www.big-eu.org\/wp-content\/uploads\/sites\/6\/2022\/05\/hero-background-1536x504.png 1536w, https:\/\/www.big-eu.org\/wp-content\/uploads\/sites\/6\/2022\/05\/hero-background-2048x671.png 2048w, https:\/\/www.big-eu.org\/wp-content\/uploads\/sites\/6\/2022\/05\/hero-background-1920x629.png 1920w, https:\/\/www.big-eu.org\/wp-content\/uploads\/sites\/6\/2022\/05\/hero-background-197x65.png 197w\" sizes=\"(max-width: 640px) 100vw, 640px\" \/>\t<\/div>\n\n\t<div class=\"container\">\n\t\t<div class=\"hero-content\">\n\t\t\t\t<h1 class=\"bacnet-element bacnet-element-heading\">Building Automation and Control Network<\/h1>\n\t<section class=\"bacnet-element bacnet-element-content\">BACnet (Building Automation and Control Network) ist der weltweite Datenkommunikationsstandard in der  Geb\u00e4udeautomation.  Er bietet herstellerunabh\u00e4ngige Interoperabilit\u00e4t f\u00fcr vernetzte Anlagen, die eine breite Palette von Geb\u00e4udeautomationsanwendungen unterst\u00fctzen.<\/section>\n\t<a href=\"https:\/\/www.big-eu.org\/de\/about\/\" class=\"bacnet-element bacnet-element-button secondary\" title=\"Mehr dar\u00fcber\">\n\t\tMehr dar\u00fcber\t<\/a>\n\n\t\t<\/div>\n\t<\/div>\n<\/div>\n\t\t\t\t\t\t<\/div>\n\t\t\t\t\t\t\t\t\t<\/div>\n\t\t\t<\/div>\n\n\t\t\t\t\t<\/div>\n\t\t\t\t\t\t\t<span id=\"carousel-dots\" class=\"sr-only\" hidden>Carousel dots<\/span>\n\t\t\t\t<div tabindex=\"-1\" role=\"button\" aria-labelledby=\"carousel-dots\" class=\"carousel-dots\"><\/div>\n\t\t\t\t\t<\/div>\n\t<\/section>\n\n\n<section class=\"bacnet-block bacnet-block-quick-links alignfull\">\n\t\n<div class=\"background\">\n\t\t\t<div class=\"overlay soild-background\" data-bg-color=\"primary-dark\"><\/div>\n\t\n\t<\/div>\n\t<div class=\"quick-links-inner container\">\n\t\t\t<a href=\"https:\/\/www.big-eu.org\/de\/member-benefits\/\" class=\"bacnet-element bacnet-element-button secondary\" title=\"Vorteile der Mitgliedschaft \">\n\t\tVorteile der Mitgliedschaft \t<\/a>\n\n\t<a href=\"https:\/\/btl.org\/btl-certification-program\/\" class=\"bacnet-element bacnet-element-button secondary\" title=\"BTL-Zertifizierungs\u00fcbersicht\">\n\t\tBTL-Zertifizierungs\u00fcbersicht\t<\/a>\n\n\t<a href=\"https:\/\/www.bacnetinternational.net\/btl\/\" target=\"_blank\" class=\"bacnet-element bacnet-element-button secondary\" title=\"Produkt Listings\">\n\t\tProdukt Listings\t<\/a>\n\n\t<a href=\"https:\/\/www.big-eu.org\/de\/news\/\" class=\"bacnet-element bacnet-element-button secondary\" title=\"Neuigkeiten\">\n\t\tNeuigkeiten\t<\/a>\n\n\t<\/div>\n<\/section>\n\n","protected":false},"excerpt":{"rendered":"","protected":false},"author":1,"featured_media":0,"parent":0,"menu_order":0,"comment_status":"closed","ping_status":"closed","template":"","meta":{"_acf_changed":false,"_monsterinsights_skip_tracking":false,"_monsterinsights_sitenote_active":false,"_monsterinsights_sitenote_note":"","_monsterinsights_sitenote_category":0,"footnotes":""},"class_list":["post-318","page","type-page","status-publish","hentry"],"acf":[],"_links":{"self":[{"href":"https:\/\/www.big-eu.org\/de\/wp-json\/wp\/v2\/pages\/318","targetHints":{"allow":["GET"]}}],"collection":[{"href":"https:\/\/www.big-eu.org\/de\/wp-json\/wp\/v2\/pages"}],"about":[{"href":"https:\/\/www.big-eu.org\/de\/wp-json\/wp\/v2\/types\/page"}],"author":[{"embeddable":true,"href":"https:\/\/www.big-eu.org\/de\/wp-json\/wp\/v2\/users\/1"}],"replies":[{"embeddable":true,"href":"https:\/\/www.big-eu.org\/de\/wp-json\/wp\/v2\/comments?post=318"}],"version-history":[{"count":0,"href":"https:\/\/www.big-eu.org\/de\/wp-json\/wp\/v2\/pages\/318\/revisions"}],"wp:attachment":[{"href":"https:\/\/www.big-eu.org\/de\/wp-json\/wp\/v2\/media?parent=318"}],"curies":[{"name":"wp","href":"https:\/\/api.w.org\/{rel}","templated":true}]}}