{"id":330,"date":"2022-05-13T15:23:41","date_gmt":"2022-05-13T15:23:41","guid":{"rendered":"https:\/\/www.big-eu.org\/?page_id=330"},"modified":"2023-05-05T20:20:24","modified_gmt":"2023-05-05T20:20:24","slug":"technische-kontaktperson","status":"publish","type":"page","link":"https:\/\/www.big-eu.org\/de\/technische-kontaktperson\/","title":{"rendered":"Technische Kontaktperson"},"content":{"rendered":"\n<h4 class=\"wp-block-heading\"><strong>AMEV \/ BIG EU<\/strong><\/h4>\n\n\n\n<figure class=\"wp-block-image alignright size-full is-resized\"><img decoding=\"async\" src=\"https:\/\/www.big-eu.org\/wp-content\/uploads\/sites\/6\/2022\/06\/amev-logo.jpeg\" alt=\"\" class=\"wp-image-582\" width=\"233\" height=\"68\" srcset=\"https:\/\/www.big-eu.org\/wp-content\/uploads\/sites\/6\/2022\/06\/amev-logo.jpeg 361w, https:\/\/www.big-eu.org\/wp-content\/uploads\/sites\/6\/2022\/06\/amev-logo-300x88.jpeg 300w\" sizes=\"(max-width: 233px) 100vw, 233px\" \/><\/figure>\n\n\n\n<p>Diese Arbeitsgruppe setzt sich aus Vertretern der \u00f6ffentlichen Hand, der BACnet Interest Group und von Ingenieur- und Planungsb\u00fcros zusammen und besch\u00e4ftigt sich mit den Anforderungen der ISO 16484 im deutschen Markt.<\/p>\n\n\n\n<p>Der Dialog mit den Verb\u00e4nden AMEV und BIG-EU ist wichtig, um die Anforderungen f\u00fcr Planer und Vertreter der \u00f6ffentlichen Hand abzustimmen und die Marktbedingungen zu ermitteln.<\/p>\n\n\n\n<p>Kontakt:<\/p>\n\n\n\n<ul class=\"wp-block-list\">\n<li>Siemens BT: <strong><a href=\"&#109;&#x61;i&#x6c;&#x74;&#111;&#x3a;t&#x68;&#x6f;&#109;&#x61;s&#x2e;&#x6b;&#117;&#x72;o&#x77;&#x73;&#107;&#x69;&#64;&#x73;&#x69;&#101;&#x6d;e&#x6e;&#x73;&#46;&#x63;o&#x6d;\">Thomas Kurowski<\/a><\/strong><\/li>\n\n\n\n<li>Verm\u00f6gen und Bau Baden-W\u00fcrttemberg: <a href=\"&#x6d;&#x61;&#x69;&#x6c;&#116;&#111;&#58;&#98;ern&#x68;&#x61;&#x72;&#x64;&#x2e;&#104;&#97;&#108;l&#64;v&#x62;&#x76;&#x2e;&#x62;&#x77;&#108;&#46;&#100;e\"><strong>Dr.-Ing. Bernhard Hall<\/strong><\/a><\/li>\n<\/ul>\n\n\n\n<div style=\"height:35px\" aria-hidden=\"true\" class=\"wp-block-spacer\"><\/div>\n\n\n\n<h4 class=\"wp-block-heading\"><strong>OPC-UA-Mapping<\/strong><\/h4>\n\n\n\n<figure class=\"wp-block-image alignright size-full is-resized\"><img decoding=\"async\" src=\"https:\/\/www.big-eu.org\/wp-content\/uploads\/sites\/6\/2022\/06\/OPC-Logo.jpeg\" alt=\"\" class=\"wp-image-591\" width=\"222\" height=\"81\"\/><\/figure>\n\n\n\n<p>Diese Arbeitsgruppe hat das Ziel, Ideen und Spezifikationen zu entwickeln, wie man eine Schnittstelle zwischen den beiden Technologien, z.B. OPC UA und BACnet, herstellen kann. Dabei soll eine schriftliche Spezifikation erstellt werden, um Informationen wie Daten, Alarme, Zeitpl\u00e4ne und Trendprotokolle zwischen den beiden Technologien auszutauschen.<\/p>\n\n\n\n<p>Kontakt:<\/p>\n\n\n\n<ul class=\"wp-block-list\">\n<li>Beckhoff Automation GmbH &amp; Co. KG: <strong><a href=\"&#x6d;&#x61;&#105;&#108;t&#x6f;&#x3a;&#x66;&#46;sc&#x68;&#x75;&#98;&#101;r&#x74;&#x40;&#x62;&#101;ck&#x68;&#x6f;&#102;&#102;&#46;&#x64;&#x65;\">Frank Schubert<\/a><\/strong><\/li>\n\n\n\n<li>ascolab GmbH: <strong><a href=\"&#x6d;&#97;i&#x6c;&#116;&#111;&#x3a;&#x6d;&#97;t&#x74;&#104;i&#x61;&#x73;&#46;d&#x61;&#109;m&#x40;&#x61;&#115;c&#x6f;&#108;a&#x62;&#x2e;&#99;o&#x6d;\">Matthias Damm<\/a><\/strong><\/li>\n<\/ul>\n\n\n\n<div style=\"height:35px\" aria-hidden=\"true\" class=\"wp-block-spacer\"><\/div>\n\n\n\n<h4 class=\"wp-block-heading\"><strong>Arbeitsgruppe Planerqualifizierung<\/strong><\/h4>\n\n\n\n<p>Diese Arbeitsgruppe erstellt ein Qualifizierungsmodell aus den vom Arbeitskreis &#8211; BACnet im deutschen Markt &#8211; abgestimmten Anforderungen. Diese Ausbildungsmethode soll eine Qualit\u00e4tsverbesserung der Planerqualifikation im Ingenieurbereich sicherstellen und mit einer staatlich anerkannten Pr\u00fcfung abgeschlossen werden.<\/p>\n\n\n\n<p>Kontakt:<\/p>\n\n\n\n<ul class=\"wp-block-list\">\n<li>GAintegra, Ingenieurgesellschaft f\u00fcr Geb\u00e4udeautomation und Integrationsplanung: <strong><a href=\"mailto:mario&#46;betros&#64;gain&#116;&#101;&#103;&#114;&#97;&#46;&#100;&#101;\">Mario Betros<\/a><\/strong><\/li>\n<\/ul>\n","protected":false},"excerpt":{"rendered":"<p>AMEV \/ BIG EU Diese Arbeitsgruppe setzt sich aus Vertretern der \u00f6ffentlichen Hand, der BACnet Interest Group und von Ingenieur- und Planungsb\u00fcros zusammen und besch\u00e4ftigt sich mit den Anforderungen der [&hellip;]<\/p>\n","protected":false},"author":1,"featured_media":0,"parent":0,"menu_order":0,"comment_status":"closed","ping_status":"closed","template":"","meta":{"_acf_changed":false,"_monsterinsights_skip_tracking":false,"_monsterinsights_sitenote_active":false,"_monsterinsights_sitenote_note":"","_monsterinsights_sitenote_category":0,"footnotes":""},"class_list":["post-330","page","type-page","status-publish","hentry"],"acf":[],"_links":{"self":[{"href":"https:\/\/www.big-eu.org\/de\/wp-json\/wp\/v2\/pages\/330","targetHints":{"allow":["GET"]}}],"collection":[{"href":"https:\/\/www.big-eu.org\/de\/wp-json\/wp\/v2\/pages"}],"about":[{"href":"https:\/\/www.big-eu.org\/de\/wp-json\/wp\/v2\/types\/page"}],"author":[{"embeddable":true,"href":"https:\/\/www.big-eu.org\/de\/wp-json\/wp\/v2\/users\/1"}],"replies":[{"embeddable":true,"href":"https:\/\/www.big-eu.org\/de\/wp-json\/wp\/v2\/comments?post=330"}],"version-history":[{"count":0,"href":"https:\/\/www.big-eu.org\/de\/wp-json\/wp\/v2\/pages\/330\/revisions"}],"wp:attachment":[{"href":"https:\/\/www.big-eu.org\/de\/wp-json\/wp\/v2\/media?parent=330"}],"curies":[{"name":"wp","href":"https:\/\/api.w.org\/{rel}","templated":true}]}}